{"id":579,"date":"2019-06-26T09:10:32","date_gmt":"2019-06-26T09:10:32","guid":{"rendered":"https:\/\/buletin.de\/bucuresti\/?page_id=579"},"modified":"2019-06-28T08:31:14","modified_gmt":"2019-06-28T08:31:14","slug":"cautam-colegi","status":"publish","type":"page","link":"https:\/\/buletin.de\/bucuresti\/cautam-colegi\/","title":{"rendered":"C\u0103ut\u0103m tineri colegi!"},"content":{"rendered":"\n<p>Dac\u0103 \u0219i tu crezi \u00een rolul fundamental pe care o pres\u0103 de\u0219teapt\u0103 \u00eel are \u00een consolidarea democra\u021biei, hai \u00een echipa noastr\u0103! Nu trebuie s\u0103 \u0219tii prea multe, te \u00eenv\u0103\u021b\u0103m noi bazele jurnalismului \u00eentr-o \u0219coal\u0103 de var\u0103 intens\u0103. <\/p>\n\n\n\n<p>Exper\u021bii no\u0219tri \u00ee\u021bi vor explica cum func\u021bioneaz\u0103 administra\u021bia local\u0103, ce trebuie s\u0103 \u0219tii c\u00e2nd concepi un material jurnalistic (\u0219tiri + reportaj), cum s\u0103 faci foto decente cu mobilul \u0219i cum s\u0103 prelucrezi datele.<\/p>\n\n\n\n<p>Dac\u0103 vrei s\u0103 iei parte \u00eenc\u0103 de la \u00eenceputurile noului nostru proiect editorial, asteptam s\u0103 ne scrii. Pe cei selecta\u021bi, \u00eei vom preg\u0103ti timp de o s\u0103pt\u0103m\u00e2n\u0103 \u00eentr-o \u0219coal\u0103 de var\u0103 intensiv\u0103 de o s\u0103pt\u0103m\u00e2n\u0103, cu \u00eencepere din 2 iulie.<\/p>\n\n\n\n<p>Cei selecta\u021bi vor fi ini\u021bia\u021bi \u00een administra\u021bie local\u0103, bazele jurnalismului (\u0219tiri + reportaj), foto \u0219i prelucrare de date.<\/p>\n\n\n\n<p>Doritorii sunt ruga\u021bi s\u0103 trimit\u0103 un <strong>text de maxim 2000 de caractere<\/strong> (despre Bucure\u0219ti sau un alt text relevant) pe adresa <strong>bucuresti@buletin.de<\/strong> p\u00e2n\u0103 la finalul s\u0103pt\u0103m\u00e2nii (duminic\u0103, 30 iunie, ora 18.00).<\/p>\n\n\n\n<p>Luni, 1 iulie, decidem cine vine la \u0219coala de var\u0103, iar dup\u0103 terminarea \u0219colii de var\u0103 decidem \u0219i cum o s\u0103 arate echipa!<\/p>\n\n\n\n<figure class=\"wp-block-image\"><img decoding=\"async\" src=\"data:image\/gif;base64,R0lGODlhAQABAAAAACH5BAEKAAEALAAAAAABAAEAAAICTAEAOw==\" data-src=\"https:\/\/i.imgur.com\/MYNb33y.jpg\" class=\"lazyload\" alt=\"\"\/><\/figure>\n","protected":false},"excerpt":{"rendered":"<p>Dac\u0103 \u0219i tu crezi \u00een rolul fundamental pe care o pres\u0103 de\u0219teapt\u0103 \u00eel are \u00een consolidarea democra\u021biei, hai \u00een echipa noastr\u0103! Nu trebuie s\u0103 \u0219tii prea multe, te \u00eenv\u0103\u021b\u0103m noi bazele jurnalismului \u00eentr-o \u0219coal\u0103 de var\u0103 intens\u0103. Exper\u021bii no\u0219tri \u00ee\u021bi vor explica cum func\u021bioneaz\u0103 administra\u021bia local\u0103, ce trebuie s\u0103 \u0219tii c\u00e2nd concepi un material jurnalistic [&hellip;]<\/p>\n","protected":false},"author":1,"featured_media":573,"parent":0,"menu_order":0,"comment_status":"closed","ping_status":"closed","template":"","meta":{"_acf_changed":false,"inline_featured_image":false,"ngg_post_thumbnail":0,"footnotes":""},"class_list":["post-579","page","type-page","status-publish","has-post-thumbnail","hentry"],"acf":[],"yoast_head":"<!-- This site is optimized with the Yoast SEO Premium plugin v25.3 (Yoast SEO v27.4) - https:\/\/yoast.com\/product\/yoast-seo-premium-wordpress\/ -->\n<title>C\u0103ut\u0103m tineri colegi! - Buletin de Bucure\u0219ti<\/title>\n<meta name=\"robots\" content=\"index, follow, max-snippet:-1, max-image-preview:large, max-video-preview:-1\" \/>\n<link rel=\"canonical\" href=\"https:\/\/buletin.de\/bucuresti\/cautam-colegi\/\" \/>\n<meta property=\"og:locale\" content=\"en_GB\" \/>\n<meta property=\"og:type\" content=\"article\" \/>\n<meta property=\"og:title\" content=\"C\u0103ut\u0103m tineri colegi!\" \/>\n<meta property=\"og:description\" content=\"Dac\u0103 \u0219i tu crezi \u00een rolul fundamental pe care o pres\u0103 de\u0219teapt\u0103 \u00eel are \u00een consolidarea democra\u021biei, hai \u00een echipa noastr\u0103! Nu trebuie s\u0103 \u0219tii prea multe, te \u00eenv\u0103\u021b\u0103m noi bazele jurnalismului \u00eentr-o \u0219coal\u0103 de var\u0103 intens\u0103. Exper\u021bii no\u0219tri \u00ee\u021bi vor explica cum func\u021bioneaz\u0103 administra\u021bia local\u0103, ce trebuie s\u0103 \u0219tii c\u00e2nd concepi un material jurnalistic [&hellip;]\" \/>\n<meta property=\"og:url\" content=\"https:\/\/buletin.de\/bucuresti\/cautam-colegi\/\" \/>\n<meta property=\"og:site_name\" content=\"Buletin de Bucure\u0219ti\" \/>\n<meta property=\"article:publisher\" content=\"https:\/\/www.facebook.com\/buletin.de.buc\" \/>\n<meta property=\"article:modified_time\" content=\"2019-06-28T08:31:14+00:00\" \/>\n<meta property=\"og:image\" content=\"https:\/\/buletin.de\/bucuresti\/wp-content\/uploads\/recrutam.jpg\" \/>\n\t<meta property=\"og:image:width\" content=\"1898\" \/>\n\t<meta property=\"og:image:height\" content=\"1188\" \/>\n\t<meta property=\"og:image:type\" content=\"image\/jpeg\" \/>\n<meta name=\"twitter:card\" content=\"summary_large_image\" \/>\n<meta name=\"twitter:label1\" content=\"Estimated reading time\" \/>\n\t<meta name=\"twitter:data1\" content=\"1 minute\" \/>\n<script type=\"application\/ld+json\" class=\"yoast-schema-graph\">{\"@context\":\"https:\\\/\\\/schema.org\",\"@graph\":[{\"@type\":\"WebPage\",\"@id\":\"https:\\\/\\\/buletin.de\\\/bucuresti\\\/cautam-colegi\\\/\",\"url\":\"https:\\\/\\\/buletin.de\\\/bucuresti\\\/cautam-colegi\\\/\",\"name\":\"C\u0103ut\u0103m tineri colegi! - Buletin de Bucure\u0219ti\",\"isPartOf\":{\"@id\":\"https:\\\/\\\/buletin.de\\\/bucuresti\\\/#website\"},\"primaryImageOfPage\":{\"@id\":\"https:\\\/\\\/buletin.de\\\/bucuresti\\\/cautam-colegi\\\/#primaryimage\"},\"image\":{\"@id\":\"https:\\\/\\\/buletin.de\\\/bucuresti\\\/cautam-colegi\\\/#primaryimage\"},\"thumbnailUrl\":\"https:\\\/\\\/buletin.de\\\/bucuresti\\\/wp-content\\\/uploads\\\/recrutam.jpg\",\"datePublished\":\"2019-06-26T09:10:32+00:00\",\"dateModified\":\"2019-06-28T08:31:14+00:00\",\"breadcrumb\":{\"@id\":\"https:\\\/\\\/buletin.de\\\/bucuresti\\\/cautam-colegi\\\/#breadcrumb\"},\"inLanguage\":\"en-GB\",\"potentialAction\":[{\"@type\":\"ReadAction\",\"target\":[\"https:\\\/\\\/buletin.de\\\/bucuresti\\\/cautam-colegi\\\/\"]}]},{\"@type\":\"ImageObject\",\"inLanguage\":\"en-GB\",\"@id\":\"https:\\\/\\\/buletin.de\\\/bucuresti\\\/cautam-colegi\\\/#primaryimage\",\"url\":\"https:\\\/\\\/buletin.de\\\/bucuresti\\\/wp-content\\\/uploads\\\/recrutam.jpg\",\"contentUrl\":\"https:\\\/\\\/buletin.de\\\/bucuresti\\\/wp-content\\\/uploads\\\/recrutam.jpg\",\"width\":1898,\"height\":1188},{\"@type\":\"BreadcrumbList\",\"@id\":\"https:\\\/\\\/buletin.de\\\/bucuresti\\\/cautam-colegi\\\/#breadcrumb\",\"itemListElement\":[{\"@type\":\"ListItem\",\"position\":1,\"name\":\"Acas\u0103\",\"item\":\"https:\\\/\\\/buletin.de\\\/bucuresti\\\/\"},{\"@type\":\"ListItem\",\"position\":2,\"name\":\"C\u0103ut\u0103m tineri colegi!\"}]},{\"@type\":\"WebSite\",\"@id\":\"https:\\\/\\\/buletin.de\\\/bucuresti\\\/#website\",\"url\":\"https:\\\/\\\/buletin.de\\\/bucuresti\\\/\",\"name\":\"Buletin de Bucure\u0219ti\",\"description\":\"\u0218tiri \u0219i investiga\u021bii esen\u021biale din capital\u0103\",\"publisher\":{\"@id\":\"https:\\\/\\\/buletin.de\\\/bucuresti\\\/#organization\"},\"potentialAction\":[{\"@type\":\"SearchAction\",\"target\":{\"@type\":\"EntryPoint\",\"urlTemplate\":\"https:\\\/\\\/buletin.de\\\/bucuresti\\\/?s={search_term_string}\"},\"query-input\":{\"@type\":\"PropertyValueSpecification\",\"valueRequired\":true,\"valueName\":\"search_term_string\"}}],\"inLanguage\":\"en-GB\"},{\"@type\":\"Organization\",\"@id\":\"https:\\\/\\\/buletin.de\\\/bucuresti\\\/#organization\",\"name\":\"Buletin de Bucure\u0219ti\",\"url\":\"https:\\\/\\\/buletin.de\\\/bucuresti\\\/\",\"logo\":{\"@type\":\"ImageObject\",\"inLanguage\":\"en-GB\",\"@id\":\"https:\\\/\\\/buletin.de\\\/bucuresti\\\/#\\\/schema\\\/logo\\\/image\\\/\",\"url\":\"https:\\\/\\\/buletin.de\\\/bucuresti\\\/wp-content\\\/uploads\\\/logo-bdb-full-wide-vernil-transparent.png\",\"contentUrl\":\"https:\\\/\\\/buletin.de\\\/bucuresti\\\/wp-content\\\/uploads\\\/logo-bdb-full-wide-vernil-transparent.png\",\"width\":1782,\"height\":626,\"caption\":\"Buletin de Bucure\u0219ti\"},\"image\":{\"@id\":\"https:\\\/\\\/buletin.de\\\/bucuresti\\\/#\\\/schema\\\/logo\\\/image\\\/\"},\"sameAs\":[\"https:\\\/\\\/www.facebook.com\\\/buletin.de.buc\",\"https:\\\/\\\/www.instagram.com\\\/buletinde.bucuresti\\\/\"]}]}<\/script>\n<!-- \/ Yoast SEO Premium plugin. -->","yoast_head_json":{"title":"C\u0103ut\u0103m tineri colegi! - Buletin de Bucure\u0219ti","robots":{"index":"index","follow":"follow","max-snippet":"max-snippet:-1","max-image-preview":"max-image-preview:large","max-video-preview":"max-video-preview:-1"},"canonical":"https:\/\/buletin.de\/bucuresti\/cautam-colegi\/","og_locale":"en_GB","og_type":"article","og_title":"C\u0103ut\u0103m tineri colegi!","og_description":"Dac\u0103 \u0219i tu crezi \u00een rolul fundamental pe care o pres\u0103 de\u0219teapt\u0103 \u00eel are \u00een consolidarea democra\u021biei, hai \u00een echipa noastr\u0103! Nu trebuie s\u0103 \u0219tii prea multe, te \u00eenv\u0103\u021b\u0103m noi bazele jurnalismului \u00eentr-o \u0219coal\u0103 de var\u0103 intens\u0103. Exper\u021bii no\u0219tri \u00ee\u021bi vor explica cum func\u021bioneaz\u0103 administra\u021bia local\u0103, ce trebuie s\u0103 \u0219tii c\u00e2nd concepi un material jurnalistic [&hellip;]","og_url":"https:\/\/buletin.de\/bucuresti\/cautam-colegi\/","og_site_name":"Buletin de Bucure\u0219ti","article_publisher":"https:\/\/www.facebook.com\/buletin.de.buc","article_modified_time":"2019-06-28T08:31:14+00:00","og_image":[{"width":1898,"height":1188,"url":"https:\/\/buletin.de\/bucuresti\/wp-content\/uploads\/recrutam.jpg","type":"image\/jpeg"}],"twitter_card":"summary_large_image","twitter_misc":{"Estimated reading time":"1 minute"},"schema":{"@context":"https:\/\/schema.org","@graph":[{"@type":"WebPage","@id":"https:\/\/buletin.de\/bucuresti\/cautam-colegi\/","url":"https:\/\/buletin.de\/bucuresti\/cautam-colegi\/","name":"C\u0103ut\u0103m tineri colegi! - Buletin de Bucure\u0219ti","isPartOf":{"@id":"https:\/\/buletin.de\/bucuresti\/#website"},"primaryImageOfPage":{"@id":"https:\/\/buletin.de\/bucuresti\/cautam-colegi\/#primaryimage"},"image":{"@id":"https:\/\/buletin.de\/bucuresti\/cautam-colegi\/#primaryimage"},"thumbnailUrl":"https:\/\/buletin.de\/bucuresti\/wp-content\/uploads\/recrutam.jpg","datePublished":"2019-06-26T09:10:32+00:00","dateModified":"2019-06-28T08:31:14+00:00","breadcrumb":{"@id":"https:\/\/buletin.de\/bucuresti\/cautam-colegi\/#breadcrumb"},"inLanguage":"en-GB","potentialAction":[{"@type":"ReadAction","target":["https:\/\/buletin.de\/bucuresti\/cautam-colegi\/"]}]},{"@type":"ImageObject","inLanguage":"en-GB","@id":"https:\/\/buletin.de\/bucuresti\/cautam-colegi\/#primaryimage","url":"https:\/\/buletin.de\/bucuresti\/wp-content\/uploads\/recrutam.jpg","contentUrl":"https:\/\/buletin.de\/bucuresti\/wp-content\/uploads\/recrutam.jpg","width":1898,"height":1188},{"@type":"BreadcrumbList","@id":"https:\/\/buletin.de\/bucuresti\/cautam-colegi\/#breadcrumb","itemListElement":[{"@type":"ListItem","position":1,"name":"Acas\u0103","item":"https:\/\/buletin.de\/bucuresti\/"},{"@type":"ListItem","position":2,"name":"C\u0103ut\u0103m tineri colegi!"}]},{"@type":"WebSite","@id":"https:\/\/buletin.de\/bucuresti\/#website","url":"https:\/\/buletin.de\/bucuresti\/","name":"Buletin de Bucure\u0219ti","description":"\u0218tiri \u0219i investiga\u021bii esen\u021biale din capital\u0103","publisher":{"@id":"https:\/\/buletin.de\/bucuresti\/#organization"},"potentialAction":[{"@type":"SearchAction","target":{"@type":"EntryPoint","urlTemplate":"https:\/\/buletin.de\/bucuresti\/?s={search_term_string}"},"query-input":{"@type":"PropertyValueSpecification","valueRequired":true,"valueName":"search_term_string"}}],"inLanguage":"en-GB"},{"@type":"Organization","@id":"https:\/\/buletin.de\/bucuresti\/#organization","name":"Buletin de Bucure\u0219ti","url":"https:\/\/buletin.de\/bucuresti\/","logo":{"@type":"ImageObject","inLanguage":"en-GB","@id":"https:\/\/buletin.de\/bucuresti\/#\/schema\/logo\/image\/","url":"https:\/\/buletin.de\/bucuresti\/wp-content\/uploads\/logo-bdb-full-wide-vernil-transparent.png","contentUrl":"https:\/\/buletin.de\/bucuresti\/wp-content\/uploads\/logo-bdb-full-wide-vernil-transparent.png","width":1782,"height":626,"caption":"Buletin de Bucure\u0219ti"},"image":{"@id":"https:\/\/buletin.de\/bucuresti\/#\/schema\/logo\/image\/"},"sameAs":["https:\/\/www.facebook.com\/buletin.de.buc","https:\/\/www.instagram.com\/buletinde.bucuresti\/"]}]}},"_links":{"self":[{"href":"https:\/\/buletin.de\/bucuresti\/wp-json\/wp\/v2\/pages\/579","targetHints":{"allow":["GET"]}}],"collection":[{"href":"https:\/\/buletin.de\/bucuresti\/wp-json\/wp\/v2\/pages"}],"about":[{"href":"https:\/\/buletin.de\/bucuresti\/wp-json\/wp\/v2\/types\/page"}],"author":[{"embeddable":true,"href":"https:\/\/buletin.de\/bucuresti\/wp-json\/wp\/v2\/users\/1"}],"replies":[{"embeddable":true,"href":"https:\/\/buletin.de\/bucuresti\/wp-json\/wp\/v2\/comments?post=579"}],"version-history":[{"count":6,"href":"https:\/\/buletin.de\/bucuresti\/wp-json\/wp\/v2\/pages\/579\/revisions"}],"predecessor-version":[{"id":617,"href":"https:\/\/buletin.de\/bucuresti\/wp-json\/wp\/v2\/pages\/579\/revisions\/617"}],"wp:featuredmedia":[{"embeddable":true,"href":"https:\/\/buletin.de\/bucuresti\/wp-json\/wp\/v2\/media\/573"}],"wp:attachment":[{"href":"https:\/\/buletin.de\/bucuresti\/wp-json\/wp\/v2\/media?parent=579"}],"curies":[{"name":"wp","href":"https:\/\/api.w.org\/{rel}","templated":true}]}}