{"id":57673,"date":"2023-04-18T12:05:04","date_gmt":"2023-04-18T10:05:04","guid":{"rendered":"https:\/\/buletin.de\/bucuresti\/?page_id=57673"},"modified":"2023-04-18T12:05:04","modified_gmt":"2023-04-18T10:05:04","slug":"primaria-capitalei-scapa-de-plata-a-84-de-milioane-de-lei-penalizari-in-contractul-pentru-tramvaiele-imperio","status":"publish","type":"page","link":"https:\/\/buletin.de\/bucuresti\/primaria-capitalei-scapa-de-plata-a-84-de-milioane-de-lei-penalizari-in-contractul-pentru-tramvaiele-imperio\/","title":{"rendered":"Prim\u0103ria Capitalei scap\u0103 de plata a 84 de milioane de lei, penaliz\u0103ri \u00een contractul pentru tramvaiele Imperio"},"content":{"rendered":"\n<p>Primarul Municipiului Bucure\u0219ti, Nicu\u0219or Dan, a anun\u021bat ast\u0103zi pe pagina sa de Facebook c\u0103 a c\u00e2\u0219tigat procesul cu Ministerul Fondurilor Europene. Curtea de Apel Bucure\u0219ti a anulat penalitatea de 84 milioane lei pe care aceasta o aplicase \u00een cazul contractului pentru cele 100 de tramvaie Imperio.<\/p>\n\n\n\n<p>Edilul a transmis c\u0103 Ministerul Fondurilor Europene aplicase o penalitate de 10% din valoare contractului celor 100 de tramvaie ce au fost finan\u021bate prin Programul Opera\u021bional Regional. Aceast\u0103 sanc\u021biune a fost aplicat\u0103 pe motivul unor presupuse abateri ce au existat \u00een procedura de atribuire din 2019.<\/p>\n\n\n\n<p>Nicu\u0219or Dan a afirmat pe pagina sa de Facebook c\u0103 \u00eent\u0103rirea for\u021bei juridice a Prim\u0103riei Capitalei a fost una dintre priorit\u0103\u021bile sale, iar aceast\u0103 situa\u021bie a demonstrat c\u0103 a procedat corect.<br><br>Prim\u0103ria Capitalei a semnat \u00een anul 2021 un contract pentru achizi\u021bia a 100 de tramvaie noi cu Astra Vagoane. Primele probe au fost realizate \u00eenc\u0103 din var\u0103 anului 2022, pe traseul depoul Militari \u2013 depoul Alexandria \u0219i pe linia 41.<br><br>Surs\u0103 foto: Pagina de Facebook Nicu\u0219or Dan<\/p>\n","protected":false},"excerpt":{"rendered":"<p>Primarul Municipiului Bucure\u0219ti, Nicu\u0219or Dan, a anun\u021bat ast\u0103zi pe pagina sa de Facebook c\u0103 a c\u00e2\u0219tigat procesul cu Ministerul Fondurilor Europene. Curtea de Apel Bucure\u0219ti a anulat penalitatea de 84 milioane lei pe care aceasta o aplicase \u00een cazul contractului pentru cele 100 de tramvaie Imperio. Edilul a transmis c\u0103 Ministerul Fondurilor Europene aplicase o [&hellip;]<\/p>\n","protected":false},"author":45,"featured_media":57674,"parent":0,"menu_order":0,"comment_status":"closed","ping_status":"closed","template":"","meta":{"_acf_changed":false,"inline_featured_image":false,"ngg_post_thumbnail":0,"footnotes":""},"class_list":["post-57673","page","type-page","status-publish","has-post-thumbnail","hentry"],"acf":[],"a3_pvc":{"activated":false,"total_views":0,"today_views":0},"yoast_head":"<!-- This site is optimized with the Yoast SEO Premium plugin v27.6 (Yoast SEO v27.6) - https:\/\/yoast.com\/product\/yoast-seo-premium-wordpress\/ -->\n<title>Prim\u0103ria Capitalei scap\u0103 de plata a 84 de milioane de lei, penaliz\u0103ri \u00een contractul pentru tramvaiele Imperio - Buletin de Bucure\u0219ti<\/title>\n<meta name=\"robots\" content=\"index, follow, max-snippet:-1, max-image-preview:large, max-video-preview:-1\" \/>\n<link rel=\"canonical\" href=\"https:\/\/buletin.de\/bucuresti\/primaria-capitalei-scapa-de-plata-a-84-de-milioane-de-lei-penalizari-in-contractul-pentru-tramvaiele-imperio\/\" \/>\n<meta property=\"og:locale\" content=\"en_GB\" \/>\n<meta property=\"og:type\" content=\"article\" \/>\n<meta property=\"og:title\" content=\"Prim\u0103ria Capitalei scap\u0103 de plata a 84 de milioane de lei, penaliz\u0103ri \u00een contractul pentru tramvaiele Imperio\" \/>\n<meta property=\"og:description\" content=\"Primarul Municipiului Bucure\u0219ti, Nicu\u0219or Dan, a anun\u021bat ast\u0103zi pe pagina sa de Facebook c\u0103 a c\u00e2\u0219tigat procesul cu Ministerul Fondurilor Europene. Curtea de Apel Bucure\u0219ti a anulat penalitatea de 84 milioane lei pe care aceasta o aplicase \u00een cazul contractului pentru cele 100 de tramvaie Imperio. Edilul a transmis c\u0103 Ministerul Fondurilor Europene aplicase o [&hellip;]\" \/>\n<meta property=\"og:url\" content=\"https:\/\/buletin.de\/bucuresti\/primaria-capitalei-scapa-de-plata-a-84-de-milioane-de-lei-penalizari-in-contractul-pentru-tramvaiele-imperio\/\" \/>\n<meta property=\"og:site_name\" content=\"Buletin de Bucure\u0219ti\" \/>\n<meta property=\"article:publisher\" content=\"https:\/\/www.facebook.com\/buletin.de.buc\" \/>\n<meta property=\"og:image\" content=\"https:\/\/buletin.de\/bucuresti\/wp-content\/uploads\/341677709_766210054909588_2732914330040758161_n.jpg\" \/>\n\t<meta property=\"og:image:width\" content=\"2048\" \/>\n\t<meta property=\"og:image:height\" content=\"1152\" \/>\n\t<meta property=\"og:image:type\" content=\"image\/jpeg\" \/>\n<meta name=\"twitter:card\" content=\"summary_large_image\" \/>\n<meta name=\"twitter:label1\" content=\"Estimated reading time\" \/>\n\t<meta name=\"twitter:data1\" content=\"1 minute\" \/>\n<script type=\"application\/ld+json\" class=\"yoast-schema-graph\">{\"@context\":\"https:\\\/\\\/schema.org\",\"@graph\":[{\"@type\":\"WebPage\",\"@id\":\"https:\\\/\\\/buletin.de\\\/bucuresti\\\/primaria-capitalei-scapa-de-plata-a-84-de-milioane-de-lei-penalizari-in-contractul-pentru-tramvaiele-imperio\\\/\",\"url\":\"https:\\\/\\\/buletin.de\\\/bucuresti\\\/primaria-capitalei-scapa-de-plata-a-84-de-milioane-de-lei-penalizari-in-contractul-pentru-tramvaiele-imperio\\\/\",\"name\":\"Prim\u0103ria Capitalei scap\u0103 de plata a 84 de milioane de lei, penaliz\u0103ri \u00een contractul pentru tramvaiele Imperio - Buletin de Bucure\u0219ti\",\"isPartOf\":{\"@id\":\"https:\\\/\\\/buletin.de\\\/bucuresti\\\/#website\"},\"primaryImageOfPage\":{\"@id\":\"https:\\\/\\\/buletin.de\\\/bucuresti\\\/primaria-capitalei-scapa-de-plata-a-84-de-milioane-de-lei-penalizari-in-contractul-pentru-tramvaiele-imperio\\\/#primaryimage\"},\"image\":{\"@id\":\"https:\\\/\\\/buletin.de\\\/bucuresti\\\/primaria-capitalei-scapa-de-plata-a-84-de-milioane-de-lei-penalizari-in-contractul-pentru-tramvaiele-imperio\\\/#primaryimage\"},\"thumbnailUrl\":\"https:\\\/\\\/buletin.de\\\/bucuresti\\\/wp-content\\\/uploads\\\/341677709_766210054909588_2732914330040758161_n.jpg\",\"datePublished\":\"2023-04-18T10:05:04+00:00\",\"breadcrumb\":{\"@id\":\"https:\\\/\\\/buletin.de\\\/bucuresti\\\/primaria-capitalei-scapa-de-plata-a-84-de-milioane-de-lei-penalizari-in-contractul-pentru-tramvaiele-imperio\\\/#breadcrumb\"},\"inLanguage\":\"en-GB\",\"potentialAction\":[{\"@type\":\"ReadAction\",\"target\":[\"https:\\\/\\\/buletin.de\\\/bucuresti\\\/primaria-capitalei-scapa-de-plata-a-84-de-milioane-de-lei-penalizari-in-contractul-pentru-tramvaiele-imperio\\\/\"]}]},{\"@type\":\"ImageObject\",\"inLanguage\":\"en-GB\",\"@id\":\"https:\\\/\\\/buletin.de\\\/bucuresti\\\/primaria-capitalei-scapa-de-plata-a-84-de-milioane-de-lei-penalizari-in-contractul-pentru-tramvaiele-imperio\\\/#primaryimage\",\"url\":\"https:\\\/\\\/buletin.de\\\/bucuresti\\\/wp-content\\\/uploads\\\/341677709_766210054909588_2732914330040758161_n.jpg\",\"contentUrl\":\"https:\\\/\\\/buletin.de\\\/bucuresti\\\/wp-content\\\/uploads\\\/341677709_766210054909588_2732914330040758161_n.jpg\",\"width\":2048,\"height\":1152},{\"@type\":\"BreadcrumbList\",\"@id\":\"https:\\\/\\\/buletin.de\\\/bucuresti\\\/primaria-capitalei-scapa-de-plata-a-84-de-milioane-de-lei-penalizari-in-contractul-pentru-tramvaiele-imperio\\\/#breadcrumb\",\"itemListElement\":[{\"@type\":\"ListItem\",\"position\":1,\"name\":\"Acas\u0103\",\"item\":\"https:\\\/\\\/buletin.de\\\/bucuresti\\\/\"},{\"@type\":\"ListItem\",\"position\":2,\"name\":\"Prim\u0103ria Capitalei scap\u0103 de plata a 84 de milioane de lei, penaliz\u0103ri \u00een contractul pentru tramvaiele Imperio\"}]},{\"@type\":\"WebSite\",\"@id\":\"https:\\\/\\\/buletin.de\\\/bucuresti\\\/#website\",\"url\":\"https:\\\/\\\/buletin.de\\\/bucuresti\\\/\",\"name\":\"Buletin de Bucure\u0219ti\",\"description\":\"\u0218tiri \u0219i investiga\u021bii esen\u021biale din capital\u0103\",\"publisher\":{\"@id\":\"https:\\\/\\\/buletin.de\\\/bucuresti\\\/#organization\"},\"potentialAction\":[{\"@type\":\"SearchAction\",\"target\":{\"@type\":\"EntryPoint\",\"urlTemplate\":\"https:\\\/\\\/buletin.de\\\/bucuresti\\\/?s={search_term_string}\"},\"query-input\":{\"@type\":\"PropertyValueSpecification\",\"valueRequired\":true,\"valueName\":\"search_term_string\"}}],\"inLanguage\":\"en-GB\"},{\"@type\":\"Organization\",\"@id\":\"https:\\\/\\\/buletin.de\\\/bucuresti\\\/#organization\",\"name\":\"Buletin de Bucure\u0219ti\",\"url\":\"https:\\\/\\\/buletin.de\\\/bucuresti\\\/\",\"logo\":{\"@type\":\"ImageObject\",\"inLanguage\":\"en-GB\",\"@id\":\"https:\\\/\\\/buletin.de\\\/bucuresti\\\/#\\\/schema\\\/logo\\\/image\\\/\",\"url\":\"https:\\\/\\\/buletin.de\\\/bucuresti\\\/wp-content\\\/uploads\\\/logo-bdb-full-wide-vernil-transparent.png\",\"contentUrl\":\"https:\\\/\\\/buletin.de\\\/bucuresti\\\/wp-content\\\/uploads\\\/logo-bdb-full-wide-vernil-transparent.png\",\"width\":1782,\"height\":626,\"caption\":\"Buletin de Bucure\u0219ti\"},\"image\":{\"@id\":\"https:\\\/\\\/buletin.de\\\/bucuresti\\\/#\\\/schema\\\/logo\\\/image\\\/\"},\"sameAs\":[\"https:\\\/\\\/www.facebook.com\\\/buletin.de.buc\",\"https:\\\/\\\/www.instagram.com\\\/buletinde.bucuresti\\\/\"]}]}<\/script>\n<!-- \/ Yoast SEO Premium plugin. -->","yoast_head_json":{"title":"Prim\u0103ria Capitalei scap\u0103 de plata a 84 de milioane de lei, penaliz\u0103ri \u00een contractul pentru tramvaiele Imperio - Buletin de Bucure\u0219ti","robots":{"index":"index","follow":"follow","max-snippet":"max-snippet:-1","max-image-preview":"max-image-preview:large","max-video-preview":"max-video-preview:-1"},"canonical":"https:\/\/buletin.de\/bucuresti\/primaria-capitalei-scapa-de-plata-a-84-de-milioane-de-lei-penalizari-in-contractul-pentru-tramvaiele-imperio\/","og_locale":"en_GB","og_type":"article","og_title":"Prim\u0103ria Capitalei scap\u0103 de plata a 84 de milioane de lei, penaliz\u0103ri \u00een contractul pentru tramvaiele Imperio","og_description":"Primarul Municipiului Bucure\u0219ti, Nicu\u0219or Dan, a anun\u021bat ast\u0103zi pe pagina sa de Facebook c\u0103 a c\u00e2\u0219tigat procesul cu Ministerul Fondurilor Europene. Curtea de Apel Bucure\u0219ti a anulat penalitatea de 84 milioane lei pe care aceasta o aplicase \u00een cazul contractului pentru cele 100 de tramvaie Imperio. Edilul a transmis c\u0103 Ministerul Fondurilor Europene aplicase o [&hellip;]","og_url":"https:\/\/buletin.de\/bucuresti\/primaria-capitalei-scapa-de-plata-a-84-de-milioane-de-lei-penalizari-in-contractul-pentru-tramvaiele-imperio\/","og_site_name":"Buletin de Bucure\u0219ti","article_publisher":"https:\/\/www.facebook.com\/buletin.de.buc","og_image":[{"width":2048,"height":1152,"url":"https:\/\/buletin.de\/bucuresti\/wp-content\/uploads\/341677709_766210054909588_2732914330040758161_n.jpg","type":"image\/jpeg"}],"twitter_card":"summary_large_image","twitter_misc":{"Estimated reading time":"1 minute"},"schema":{"@context":"https:\/\/schema.org","@graph":[{"@type":"WebPage","@id":"https:\/\/buletin.de\/bucuresti\/primaria-capitalei-scapa-de-plata-a-84-de-milioane-de-lei-penalizari-in-contractul-pentru-tramvaiele-imperio\/","url":"https:\/\/buletin.de\/bucuresti\/primaria-capitalei-scapa-de-plata-a-84-de-milioane-de-lei-penalizari-in-contractul-pentru-tramvaiele-imperio\/","name":"Prim\u0103ria Capitalei scap\u0103 de plata a 84 de milioane de lei, penaliz\u0103ri \u00een contractul pentru tramvaiele Imperio - Buletin de Bucure\u0219ti","isPartOf":{"@id":"https:\/\/buletin.de\/bucuresti\/#website"},"primaryImageOfPage":{"@id":"https:\/\/buletin.de\/bucuresti\/primaria-capitalei-scapa-de-plata-a-84-de-milioane-de-lei-penalizari-in-contractul-pentru-tramvaiele-imperio\/#primaryimage"},"image":{"@id":"https:\/\/buletin.de\/bucuresti\/primaria-capitalei-scapa-de-plata-a-84-de-milioane-de-lei-penalizari-in-contractul-pentru-tramvaiele-imperio\/#primaryimage"},"thumbnailUrl":"https:\/\/buletin.de\/bucuresti\/wp-content\/uploads\/341677709_766210054909588_2732914330040758161_n.jpg","datePublished":"2023-04-18T10:05:04+00:00","breadcrumb":{"@id":"https:\/\/buletin.de\/bucuresti\/primaria-capitalei-scapa-de-plata-a-84-de-milioane-de-lei-penalizari-in-contractul-pentru-tramvaiele-imperio\/#breadcrumb"},"inLanguage":"en-GB","potentialAction":[{"@type":"ReadAction","target":["https:\/\/buletin.de\/bucuresti\/primaria-capitalei-scapa-de-plata-a-84-de-milioane-de-lei-penalizari-in-contractul-pentru-tramvaiele-imperio\/"]}]},{"@type":"ImageObject","inLanguage":"en-GB","@id":"https:\/\/buletin.de\/bucuresti\/primaria-capitalei-scapa-de-plata-a-84-de-milioane-de-lei-penalizari-in-contractul-pentru-tramvaiele-imperio\/#primaryimage","url":"https:\/\/buletin.de\/bucuresti\/wp-content\/uploads\/341677709_766210054909588_2732914330040758161_n.jpg","contentUrl":"https:\/\/buletin.de\/bucuresti\/wp-content\/uploads\/341677709_766210054909588_2732914330040758161_n.jpg","width":2048,"height":1152},{"@type":"BreadcrumbList","@id":"https:\/\/buletin.de\/bucuresti\/primaria-capitalei-scapa-de-plata-a-84-de-milioane-de-lei-penalizari-in-contractul-pentru-tramvaiele-imperio\/#breadcrumb","itemListElement":[{"@type":"ListItem","position":1,"name":"Acas\u0103","item":"https:\/\/buletin.de\/bucuresti\/"},{"@type":"ListItem","position":2,"name":"Prim\u0103ria Capitalei scap\u0103 de plata a 84 de milioane de lei, penaliz\u0103ri \u00een contractul pentru tramvaiele Imperio"}]},{"@type":"WebSite","@id":"https:\/\/buletin.de\/bucuresti\/#website","url":"https:\/\/buletin.de\/bucuresti\/","name":"Buletin de Bucure\u0219ti","description":"\u0218tiri \u0219i investiga\u021bii esen\u021biale din capital\u0103","publisher":{"@id":"https:\/\/buletin.de\/bucuresti\/#organization"},"potentialAction":[{"@type":"SearchAction","target":{"@type":"EntryPoint","urlTemplate":"https:\/\/buletin.de\/bucuresti\/?s={search_term_string}"},"query-input":{"@type":"PropertyValueSpecification","valueRequired":true,"valueName":"search_term_string"}}],"inLanguage":"en-GB"},{"@type":"Organization","@id":"https:\/\/buletin.de\/bucuresti\/#organization","name":"Buletin de Bucure\u0219ti","url":"https:\/\/buletin.de\/bucuresti\/","logo":{"@type":"ImageObject","inLanguage":"en-GB","@id":"https:\/\/buletin.de\/bucuresti\/#\/schema\/logo\/image\/","url":"https:\/\/buletin.de\/bucuresti\/wp-content\/uploads\/logo-bdb-full-wide-vernil-transparent.png","contentUrl":"https:\/\/buletin.de\/bucuresti\/wp-content\/uploads\/logo-bdb-full-wide-vernil-transparent.png","width":1782,"height":626,"caption":"Buletin de Bucure\u0219ti"},"image":{"@id":"https:\/\/buletin.de\/bucuresti\/#\/schema\/logo\/image\/"},"sameAs":["https:\/\/www.facebook.com\/buletin.de.buc","https:\/\/www.instagram.com\/buletinde.bucuresti\/"]}]}},"_links":{"self":[{"href":"https:\/\/buletin.de\/bucuresti\/wp-json\/wp\/v2\/pages\/57673","targetHints":{"allow":["GET"]}}],"collection":[{"href":"https:\/\/buletin.de\/bucuresti\/wp-json\/wp\/v2\/pages"}],"about":[{"href":"https:\/\/buletin.de\/bucuresti\/wp-json\/wp\/v2\/types\/page"}],"author":[{"embeddable":true,"href":"https:\/\/buletin.de\/bucuresti\/wp-json\/wp\/v2\/users\/45"}],"replies":[{"embeddable":true,"href":"https:\/\/buletin.de\/bucuresti\/wp-json\/wp\/v2\/comments?post=57673"}],"version-history":[{"count":4,"href":"https:\/\/buletin.de\/bucuresti\/wp-json\/wp\/v2\/pages\/57673\/revisions"}],"predecessor-version":[{"id":57681,"href":"https:\/\/buletin.de\/bucuresti\/wp-json\/wp\/v2\/pages\/57673\/revisions\/57681"}],"wp:featuredmedia":[{"embeddable":true,"href":"https:\/\/buletin.de\/bucuresti\/wp-json\/wp\/v2\/media\/57674"}],"wp:attachment":[{"href":"https:\/\/buletin.de\/bucuresti\/wp-json\/wp\/v2\/media?parent=57673"}],"curies":[{"name":"wp","href":"https:\/\/api.w.org\/{rel}","templated":true}]}}