{"id":372,"date":"2019-06-06T16:24:18","date_gmt":"2019-06-06T16:24:18","guid":{"rendered":"https:\/\/buletin.de\/bucuresti\/?page_id=372"},"modified":"2026-02-11T13:51:35","modified_gmt":"2026-02-11T10:51:35","slug":"despre","status":"publish","type":"page","link":"https:\/\/buletin.de\/bucuresti\/despre\/","title":{"rendered":"Despre"},"content":{"rendered":"<p>\n\n\n<\/p>\n<p>Buletin de Bucure\u0219ti, un proiect editorial unic pe pia\u021ba media, \u00ee\u0219i propune s\u0103 explice bucure\u0219teanului realitatea din spatele zumzetului cotidian, s\u0103 descopere ce se ascunde \u00een licita\u021biile publice \u0219i care sunt mecanismele care conduc via\u021ba urbei \u00een care tr\u0103im. Ne dorim s\u0103 descoperim \u00eempreun\u0103 ora\u0219ul \u0219i institu\u021biile publice locale care ne guverneaz\u0103, cu bune \u0219i rele.<\/p>\n<p>\n\n\n\n<h2 class=\"wp-block-heading\" id=\"h-vrei-sa-sus\u021bii-buletin-de-bucure\u0219ti-orice-suma-conteaza\">Vrei s\u0103 sus\u021bii Buletin de Bucure\u0219ti? Orice sum\u0103 conteaz\u0103<\/h2>\n\n\n\n<p>Dona\u021biile directe sau direct debit pot fi realizate prin urm\u0103torul cont bancar:<\/p>\n\n\n\n<ul class=\"wp-block-list\">\n<li><em><strong>RO34INGB0000999910474456<\/strong> | Asocia\u021bia Funky Citizens | Bucure\u0219ti, Sector 3<\/em><\/li>\n<\/ul>\n\n\n\n<\/p>\n<a href=\"https:\/\/www.patreon.com\/bePatron?u=63651398\" data-patreon-widget-type=\"become-patron-button\">Become a Patron!<\/a>\n<p>\n\n\n\n<h2 class=\"wp-block-heading\" id=\"h-ia-legatura-cu-noi\">Ia leg\u0103tura cu noi<\/h2>\n\n\n\n<\/p>\n\n<div class=\"wpcf7 no-js\" id=\"wpcf7-f60372-o1\" lang=\"en-US\" dir=\"ltr\" data-wpcf7-id=\"60372\">\n<div class=\"screen-reader-response\"><p role=\"status\" aria-live=\"polite\" aria-atomic=\"true\"><\/p> <ul><\/ul><\/div>\n<form action=\"\/bucuresti\/wp-json\/wp\/v2\/pages\/372#wpcf7-f60372-o1\" method=\"post\" class=\"wpcf7-form init\" aria-label=\"Contact form\" novalidate=\"novalidate\" data-status=\"init\">\n<fieldset class=\"hidden-fields-container\"><input type=\"hidden\" name=\"_wpcf7\" value=\"60372\" \/><input type=\"hidden\" name=\"_wpcf7_version\" value=\"6.1.5\" \/><input type=\"hidden\" name=\"_wpcf7_locale\" value=\"en_US\" \/><input type=\"hidden\" name=\"_wpcf7_unit_tag\" value=\"wpcf7-f60372-o1\" \/><input type=\"hidden\" name=\"_wpcf7_container_post\" value=\"0\" \/><input type=\"hidden\" name=\"_wpcf7_posted_data_hash\" value=\"\" \/>\n<\/fieldset>\n<label> Numele t\u0103u\n    <span class=\"wpcf7-form-control-wrap\" data-name=\"your-name\"><input size=\"40\" maxlength=\"400\" class=\"wpcf7-form-control wpcf7-text wpcf7-validates-as-required\" autocomplete=\"nume\" aria-required=\"true\" aria-invalid=\"false\" value=\"\" type=\"text\" name=\"your-name\" \/><\/span> <\/label>\n\n<label> Email-ul t\u0103u\n    <span class=\"wpcf7-form-control-wrap\" data-name=\"your-email\"><input size=\"40\" maxlength=\"400\" class=\"wpcf7-form-control wpcf7-email wpcf7-validates-as-required wpcf7-text wpcf7-validates-as-email\" autocomplete=\"mesaj\" aria-required=\"true\" aria-invalid=\"false\" value=\"\" type=\"email\" name=\"your-email\" \/><\/span> <\/label>\n\n<label> Subiect\n    <span class=\"wpcf7-form-control-wrap\" data-name=\"your-subject\"><input size=\"40\" maxlength=\"400\" class=\"wpcf7-form-control wpcf7-text wpcf7-validates-as-required\" aria-required=\"true\" aria-invalid=\"false\" value=\"\" type=\"text\" name=\"your-subject\" \/><\/span> <\/label>\n\n<label> Mesajul t\u0103u\n    <span class=\"wpcf7-form-control-wrap\" data-name=\"your-message\"><textarea cols=\"40\" rows=\"10\" maxlength=\"2000\" class=\"wpcf7-form-control wpcf7-textarea\" aria-invalid=\"false\" name=\"your-message\"><\/textarea><\/span> <\/label>\n\n<input class=\"wpcf7-form-control wpcf7-submit has-spinner\" type=\"submit\" value=\"Trimite\" \/><p style=\"display: none !important;\" class=\"akismet-fields-container\" data-prefix=\"_wpcf7_ak_\"><label>&#916;<textarea name=\"_wpcf7_ak_hp_textarea\" cols=\"45\" rows=\"8\" maxlength=\"100\"><\/textarea><\/label><input type=\"hidden\" id=\"ak_js_1\" name=\"_wpcf7_ak_js\" value=\"102\"\/><script>document.getElementById( \"ak_js_1\" ).setAttribute( \"value\", ( new Date() ).getTime() );<\/script><\/p><div class=\"wpcf7-response-output\" aria-hidden=\"true\"><\/div>\n<\/form>\n<\/div>\n\n<p>\n\n\n\n<\/p>\n<h2 class=\"wp-block-heading\">Politic\u0103 de preluare a materialelor<\/h2>\n<p>\n\n\n\n<\/p>\n<p>Muncim din greu pentru fiecare material \u0219i ne bucur\u0103m c\u00e2nd ele ajung la c\u00e2t mai mul\u021bi cititori. Dac\u0103 vrei s\u0103 preiei materialul nostru pe site-ul t\u0103u, cite\u0219te <a href=\"https:\/\/creativecommons.org\/licenses\/by-nc-nd\/4.0\/deed.ro\" target=\"_blank\" rel=\"noreferrer noopener\" data-type=\"URL\" data-id=\"https:\/\/creativecommons.org\/licenses\/by-nc-nd\/4.0\/deed.ro\">aici<\/a> politica noastr\u0103 de licen\u021biere.<\/p>\n<p>\n\n\n\n<\/p>\n<p><strong>Po\u021bi prelua \u201ecopy-paste\u201d \u00een limita a 500 de caractere \u0219i doar dac\u0103 citezi sursa, cu link direct c\u0103tre materialul citat <\/strong>(deci nu link c\u0103tre homepage-ul site-ului).<\/p>\n<p>Fii responsabil! <strong>Nu e OK sa \u00eel preiei f\u0103r\u0103 s\u0103 citezi sursa. <\/strong><\/p>\n<p>\n\n\n\n<\/p>\n<hr \/>\n<p>\n\n\n\n<\/p>\n<h2 class=\"wp-block-heading\">12 iunie 2020<\/h2>\n<p>\n\n\n\n<\/p>\n<p>Funky Citizens \u2013 prin proiectul editorial\u00a0Buletin de Bucure\u0219ti\u00a0\u2013 a primit o finan\u021bare nerambursabil\u0103 de 50.000 de euro din partea\u00a0<a href=\"https:\/\/europeanjournalism.fund\/news\/engagement-innovation-fund-recipients-wave1\">Fondului European de Jurnalism COVID-19<\/a>, derulat \u00een parteneriat cu Facebook Journalism Project. Astfel, Buletin de Bucure\u0219ti devine una din cele 5 organiza\u021bii de pres\u0103 europene care au c\u00e2\u0219tigat\u00a0apelul de proiecte pe inova\u021bie \u00een jurnalism, dintr-un total de peste 1800 de aplican\u021bi. Ceilal\u021bi c\u00e2\u0219tig\u0103tori sunt din Belgia (Apache), Fran\u0163a (Mediacit\u00e9s), Italia (Slow News) \u0219i Spania (Civio).<\/p>\n<p>\n\n\n\n<\/p>\n<a style=\"background-color: #00bd9c;\" href=\"https:\/\/dev.buletin.de\/bucuresti\/wp-content\/uploads\/Buletin-de-Bucure\u0219ti-c\u00e2\u0219tig\u0103tor-a-dou\u0103-noi-granturi-finan\u021bate-de-la-Facebook-\u0219i-Google.pdf\"><strong>Cite\u0219te comunicatul<\/strong><\/a>\n<p>\n\n\n\n<\/p>\n<hr \/>\n<p>\n\n\n\n<\/p>\n<h2 class=\"wp-block-heading\">Iunie 2019<\/h2>\n<p>\n\n\n\n<\/p>\n<p>Funky Citizens <a href=\"https:\/\/newsinitiative.withgoogle.com\/dnifund\/dni-projects\/reinventing-community-focused-journalism\/\" target=\"_blank\" rel=\"noreferrer noopener\" data-type=\"URL\" data-id=\"https:\/\/newsinitiative.withgoogle.com\/dnifund\/dni-projects\/reinventing-community-focused-journalism\/\">a primit<\/a> o finan\u021bare din partea Google Digital News Initiative.<\/p>\n<p>\n\n\n<p style=\"color: #00bd9c;\"><em>Ne po\u021bi scrie la <strong>bucuresti@buletin.de<\/strong><\/em><\/p>\n<p>&nbsp;<\/p>\n\n\n<\/p>\n<hr \/>\n<p>\n\n\n\n<\/p>\n<p>Dac\u0103-\u021bi place ce facem, ne po\u021bi sus\u021bine printr-o dona\u021bie, <a href=\"http:\/\/funky.ong\/doneaza\">aici<\/a>.<\/p>\n<p>\n\n\n\n<\/p>\n<form action=\"https:\/\/www.paypal.com\/cgi-bin\/webscr\" method=\"post\" target=\"_top\">\n<p><input type=\"hidden\" value=\"_s-xclick\" \/> <input type=\"hidden\" value=\"W3DSGGLTFNP76\" \/><\/p>\n<table align=\"center\">\n<tbody>\n<tr>\n<td style=\"text-align: center;\"><input type=\"hidden\" value=\"Alege\" \/>Alege<\/td>\n<\/tr>\n<tr>\n<td><select>\n<option value=\"Suporter infocat\">Suporter infocat : \u20ac20.00 EUR &#8211; monthly<\/option>\n<option value=\"Cetatean constiincios\">Cetatean constiincios : \u20ac10.00 EUR &#8211; monthly<\/option>\n<option value=\"Fan timid\">Fan timid : \u20ac5.00 EUR &#8211; monthly<\/option>\n<option value=\"Patron\">Patron : \u20ac50.00 EUR &#8211; monthly<\/option>\n<\/select><\/td>\n<\/tr>\n<\/tbody>\n<\/table>\n<p><input type=\"hidden\" value=\"EUR\" \/> <input alt=\"PayPal - The safer, easier way to pay online!\" src=\"https:\/\/www.paypalobjects.com\/en_US\/i\/btn\/btn_subscribeCC_LG.gif\" type=\"image\" \/> <img decoding=\"async\" src=\"data:image\/gif;base64,R0lGODlhAQABAAAAACH5BAEKAAEALAAAAAABAAEAAAICTAEAOw==\" data-src=\"https:\/\/www.paypalobjects.com\/en_US\/i\/scr\/pixel.gif\" alt=\"\" width=\"1\" height=\"1\" border=\"0\" class=\"lazyload\" \/><\/p>\n<\/form>\n<p>\n\n\n\n<\/p>\n<hr \/>\n<p>\n\n\n\n<\/p>\n<h2 class=\"wp-block-heading\">Echipa<\/h2>\n<p>\n\n\n\n<ul class=\"wp-block-list\">\n<li><strong>Elena Calistru<\/strong>&nbsp;\u2013 director<\/li>\n\n\n\n<li><a href=\"https:\/\/buletin.de\/bucuresti\/author\/catalin\/\"><strong>C\u0103t\u0103lin Dosca\u0219<\/strong><\/a>&nbsp;\u2013 redactor-\u0219ef \u0219i reporter<\/li>\n\n\n\n<li><a href=\"https:\/\/buletin.de\/bucuresti\/author\/razvan-chiruta\/\" target=\"_blank\" rel=\"noreferrer noopener\"><strong>R\u0103zvan Chiru\u021b\u0103<\/strong><\/a> &#8211; redactor-\u0219ef adjunct<\/li>\n\n\n\n<li><strong><a href=\"https:\/\/buletin.de\/bucuresti\/author\/dianamatei\/\" target=\"_blank\" rel=\"noreferrer noopener\">Diana Matei<\/a><\/strong> &#8211; redactor<\/li>\n\n\n\n<li><a href=\"https:\/\/buletin.de\/bucuresti\/author\/florinrasteiu\/\"><strong>Florin R\u00e2\u0219teiu<\/strong><\/a>&nbsp;\u2013 redactor<\/li>\n\n\n\n<li><a href=\"https:\/\/buletin.de\/bucuresti\/author\/andreeatudor\/\" target=\"_blank\" rel=\"noreferrer noopener\"><strong>Andreea Tudor<\/strong><\/a>&nbsp;\u2013 reporter<\/li>\n\n\n\n<li><strong><a href=\"https:\/\/buletin.de\/bucuresti\/author\/catalin-anghel-dimache\/\" target=\"_blank\" rel=\"noreferrer noopener\">C\u0103t\u0103lin Anghel-Dimache<\/a><\/strong> &#8211; reporter<\/li>\n\n\n\n<li><a href=\"https:\/\/buletin.de\/bucuresti\/author\/alexandru-stan\/\"><strong>Alexandru Stan<\/strong><\/a> &#8211; reporter<\/li>\n\n\n\n<li><a href=\"https:\/\/buletin.de\/bucuresti\/author\/andreea-stanaranga\/\"><strong>Andreea St\u0103n\u0103r\u00e2ng\u0103<\/strong><\/a> &#8211; reporter<\/li>\n\n\n\n<li><a href=\"https:\/\/buletin.de\/bucuresti\/author\/deniz-garguli\/\"><strong>Deniz Garguli<\/strong> <\/a>&#8211; reporter<\/li>\n\n\n\n<li><a href=\"https:\/\/buletin.de\/bucuresti\/author\/cosmin.pojoranu\/\"><strong>Cosmin Pojoranu<\/strong><\/a>\u00a0\u2013 grafic\u0103 \u0219i comunicare<\/li>\n<\/ul>\n","protected":false},"excerpt":{"rendered":"<p>Buletin de Bucure\u0219ti, un proiect editorial unic pe pia\u021ba media, \u00ee\u0219i propune s\u0103 explice bucure\u0219teanului realitatea din spatele zumzetului cotidian, s\u0103 descopere ce se ascunde \u00een licita\u021biile publice \u0219i care sunt mecanismele care conduc via\u021ba urbei \u00een care tr\u0103im. Ne dorim s\u0103 descoperim \u00eempreun\u0103 ora\u0219ul \u0219i institu\u021biile publice locale care ne guverneaz\u0103, cu bune \u0219i [&hellip;]<\/p>\n","protected":false},"author":1,"featured_media":0,"parent":0,"menu_order":0,"comment_status":"closed","ping_status":"closed","template":"","meta":{"_acf_changed":false,"inline_featured_image":false,"ngg_post_thumbnail":0,"footnotes":""},"class_list":["post-372","page","type-page","status-publish","hentry"],"acf":[],"yoast_head":"<!-- This site is optimized with the Yoast SEO Premium plugin v25.3 (Yoast SEO v27.3) - https:\/\/yoast.com\/product\/yoast-seo-premium-wordpress\/ -->\n<title>Despre - Buletin de Bucure\u0219ti<\/title>\n<meta name=\"robots\" content=\"index, follow, max-snippet:-1, max-image-preview:large, max-video-preview:-1\" \/>\n<link rel=\"canonical\" href=\"https:\/\/buletin.de\/bucuresti\/despre\/\" \/>\n<meta property=\"og:locale\" content=\"en_GB\" \/>\n<meta property=\"og:type\" content=\"article\" \/>\n<meta property=\"og:title\" content=\"Despre\" \/>\n<meta property=\"og:description\" content=\"Buletin de Bucure\u0219ti, un proiect editorial unic pe pia\u021ba media, \u00ee\u0219i propune s\u0103 explice bucure\u0219teanului realitatea din spatele zumzetului cotidian, s\u0103 descopere ce se ascunde \u00een licita\u021biile publice \u0219i care sunt mecanismele care conduc via\u021ba urbei \u00een care tr\u0103im. Ne dorim s\u0103 descoperim \u00eempreun\u0103 ora\u0219ul \u0219i institu\u021biile publice locale care ne guverneaz\u0103, cu bune \u0219i [&hellip;]\" \/>\n<meta property=\"og:url\" content=\"https:\/\/buletin.de\/bucuresti\/despre\/\" \/>\n<meta property=\"og:site_name\" content=\"Buletin de Bucure\u0219ti\" \/>\n<meta property=\"article:publisher\" content=\"https:\/\/www.facebook.com\/buletin.de.buc\" \/>\n<meta property=\"article:modified_time\" content=\"2026-02-11T10:51:35+00:00\" \/>\n<meta property=\"og:image\" content=\"https:\/\/www.paypalobjects.com\/en_US\/i\/scr\/pixel.gif\" \/>\n<meta name=\"twitter:card\" content=\"summary_large_image\" \/>\n<meta name=\"twitter:label1\" content=\"Estimated reading time\" \/>\n\t<meta name=\"twitter:data1\" content=\"2 minutes\" \/>\n<script type=\"application\/ld+json\" class=\"yoast-schema-graph\">{\"@context\":\"https:\\\/\\\/schema.org\",\"@graph\":[{\"@type\":\"WebPage\",\"@id\":\"https:\\\/\\\/buletin.de\\\/bucuresti\\\/despre\\\/\",\"url\":\"https:\\\/\\\/buletin.de\\\/bucuresti\\\/despre\\\/\",\"name\":\"Despre - Buletin de Bucure\u0219ti\",\"isPartOf\":{\"@id\":\"https:\\\/\\\/buletin.de\\\/bucuresti\\\/#website\"},\"primaryImageOfPage\":{\"@id\":\"https:\\\/\\\/buletin.de\\\/bucuresti\\\/despre\\\/#primaryimage\"},\"image\":{\"@id\":\"https:\\\/\\\/buletin.de\\\/bucuresti\\\/despre\\\/#primaryimage\"},\"thumbnailUrl\":\"https:\\\/\\\/www.paypalobjects.com\\\/en_US\\\/i\\\/scr\\\/pixel.gif\",\"datePublished\":\"2019-06-06T16:24:18+00:00\",\"dateModified\":\"2026-02-11T10:51:35+00:00\",\"breadcrumb\":{\"@id\":\"https:\\\/\\\/buletin.de\\\/bucuresti\\\/despre\\\/#breadcrumb\"},\"inLanguage\":\"en-GB\",\"potentialAction\":[{\"@type\":\"ReadAction\",\"target\":[\"https:\\\/\\\/buletin.de\\\/bucuresti\\\/despre\\\/\"]}]},{\"@type\":\"ImageObject\",\"inLanguage\":\"en-GB\",\"@id\":\"https:\\\/\\\/buletin.de\\\/bucuresti\\\/despre\\\/#primaryimage\",\"url\":\"https:\\\/\\\/www.paypalobjects.com\\\/en_US\\\/i\\\/scr\\\/pixel.gif\",\"contentUrl\":\"https:\\\/\\\/www.paypalobjects.com\\\/en_US\\\/i\\\/scr\\\/pixel.gif\"},{\"@type\":\"BreadcrumbList\",\"@id\":\"https:\\\/\\\/buletin.de\\\/bucuresti\\\/despre\\\/#breadcrumb\",\"itemListElement\":[{\"@type\":\"ListItem\",\"position\":1,\"name\":\"Acas\u0103\",\"item\":\"https:\\\/\\\/buletin.de\\\/bucuresti\\\/\"},{\"@type\":\"ListItem\",\"position\":2,\"name\":\"Despre\"}]},{\"@type\":\"WebSite\",\"@id\":\"https:\\\/\\\/buletin.de\\\/bucuresti\\\/#website\",\"url\":\"https:\\\/\\\/buletin.de\\\/bucuresti\\\/\",\"name\":\"Buletin de Bucure\u0219ti\",\"description\":\"\u0218tiri \u0219i investiga\u021bii esen\u021biale din capital\u0103\",\"publisher\":{\"@id\":\"https:\\\/\\\/buletin.de\\\/bucuresti\\\/#organization\"},\"potentialAction\":[{\"@type\":\"SearchAction\",\"target\":{\"@type\":\"EntryPoint\",\"urlTemplate\":\"https:\\\/\\\/buletin.de\\\/bucuresti\\\/?s={search_term_string}\"},\"query-input\":{\"@type\":\"PropertyValueSpecification\",\"valueRequired\":true,\"valueName\":\"search_term_string\"}}],\"inLanguage\":\"en-GB\"},{\"@type\":\"Organization\",\"@id\":\"https:\\\/\\\/buletin.de\\\/bucuresti\\\/#organization\",\"name\":\"Buletin de Bucure\u0219ti\",\"url\":\"https:\\\/\\\/buletin.de\\\/bucuresti\\\/\",\"logo\":{\"@type\":\"ImageObject\",\"inLanguage\":\"en-GB\",\"@id\":\"https:\\\/\\\/buletin.de\\\/bucuresti\\\/#\\\/schema\\\/logo\\\/image\\\/\",\"url\":\"https:\\\/\\\/buletin.de\\\/bucuresti\\\/wp-content\\\/uploads\\\/logo-bdb-full-wide-vernil-transparent.png\",\"contentUrl\":\"https:\\\/\\\/buletin.de\\\/bucuresti\\\/wp-content\\\/uploads\\\/logo-bdb-full-wide-vernil-transparent.png\",\"width\":1782,\"height\":626,\"caption\":\"Buletin de Bucure\u0219ti\"},\"image\":{\"@id\":\"https:\\\/\\\/buletin.de\\\/bucuresti\\\/#\\\/schema\\\/logo\\\/image\\\/\"},\"sameAs\":[\"https:\\\/\\\/www.facebook.com\\\/buletin.de.buc\",\"https:\\\/\\\/www.instagram.com\\\/buletinde.bucuresti\\\/\"]}]}<\/script>\n<!-- \/ Yoast SEO Premium plugin. -->","yoast_head_json":{"title":"Despre - Buletin de Bucure\u0219ti","robots":{"index":"index","follow":"follow","max-snippet":"max-snippet:-1","max-image-preview":"max-image-preview:large","max-video-preview":"max-video-preview:-1"},"canonical":"https:\/\/buletin.de\/bucuresti\/despre\/","og_locale":"en_GB","og_type":"article","og_title":"Despre","og_description":"Buletin de Bucure\u0219ti, un proiect editorial unic pe pia\u021ba media, \u00ee\u0219i propune s\u0103 explice bucure\u0219teanului realitatea din spatele zumzetului cotidian, s\u0103 descopere ce se ascunde \u00een licita\u021biile publice \u0219i care sunt mecanismele care conduc via\u021ba urbei \u00een care tr\u0103im. Ne dorim s\u0103 descoperim \u00eempreun\u0103 ora\u0219ul \u0219i institu\u021biile publice locale care ne guverneaz\u0103, cu bune \u0219i [&hellip;]","og_url":"https:\/\/buletin.de\/bucuresti\/despre\/","og_site_name":"Buletin de Bucure\u0219ti","article_publisher":"https:\/\/www.facebook.com\/buletin.de.buc","article_modified_time":"2026-02-11T10:51:35+00:00","og_image":[{"url":"https:\/\/www.paypalobjects.com\/en_US\/i\/scr\/pixel.gif","type":"","width":"","height":""}],"twitter_card":"summary_large_image","twitter_misc":{"Estimated reading time":"2 minutes"},"schema":{"@context":"https:\/\/schema.org","@graph":[{"@type":"WebPage","@id":"https:\/\/buletin.de\/bucuresti\/despre\/","url":"https:\/\/buletin.de\/bucuresti\/despre\/","name":"Despre - Buletin de Bucure\u0219ti","isPartOf":{"@id":"https:\/\/buletin.de\/bucuresti\/#website"},"primaryImageOfPage":{"@id":"https:\/\/buletin.de\/bucuresti\/despre\/#primaryimage"},"image":{"@id":"https:\/\/buletin.de\/bucuresti\/despre\/#primaryimage"},"thumbnailUrl":"https:\/\/www.paypalobjects.com\/en_US\/i\/scr\/pixel.gif","datePublished":"2019-06-06T16:24:18+00:00","dateModified":"2026-02-11T10:51:35+00:00","breadcrumb":{"@id":"https:\/\/buletin.de\/bucuresti\/despre\/#breadcrumb"},"inLanguage":"en-GB","potentialAction":[{"@type":"ReadAction","target":["https:\/\/buletin.de\/bucuresti\/despre\/"]}]},{"@type":"ImageObject","inLanguage":"en-GB","@id":"https:\/\/buletin.de\/bucuresti\/despre\/#primaryimage","url":"https:\/\/www.paypalobjects.com\/en_US\/i\/scr\/pixel.gif","contentUrl":"https:\/\/www.paypalobjects.com\/en_US\/i\/scr\/pixel.gif"},{"@type":"BreadcrumbList","@id":"https:\/\/buletin.de\/bucuresti\/despre\/#breadcrumb","itemListElement":[{"@type":"ListItem","position":1,"name":"Acas\u0103","item":"https:\/\/buletin.de\/bucuresti\/"},{"@type":"ListItem","position":2,"name":"Despre"}]},{"@type":"WebSite","@id":"https:\/\/buletin.de\/bucuresti\/#website","url":"https:\/\/buletin.de\/bucuresti\/","name":"Buletin de Bucure\u0219ti","description":"\u0218tiri \u0219i investiga\u021bii esen\u021biale din capital\u0103","publisher":{"@id":"https:\/\/buletin.de\/bucuresti\/#organization"},"potentialAction":[{"@type":"SearchAction","target":{"@type":"EntryPoint","urlTemplate":"https:\/\/buletin.de\/bucuresti\/?s={search_term_string}"},"query-input":{"@type":"PropertyValueSpecification","valueRequired":true,"valueName":"search_term_string"}}],"inLanguage":"en-GB"},{"@type":"Organization","@id":"https:\/\/buletin.de\/bucuresti\/#organization","name":"Buletin de Bucure\u0219ti","url":"https:\/\/buletin.de\/bucuresti\/","logo":{"@type":"ImageObject","inLanguage":"en-GB","@id":"https:\/\/buletin.de\/bucuresti\/#\/schema\/logo\/image\/","url":"https:\/\/buletin.de\/bucuresti\/wp-content\/uploads\/logo-bdb-full-wide-vernil-transparent.png","contentUrl":"https:\/\/buletin.de\/bucuresti\/wp-content\/uploads\/logo-bdb-full-wide-vernil-transparent.png","width":1782,"height":626,"caption":"Buletin de Bucure\u0219ti"},"image":{"@id":"https:\/\/buletin.de\/bucuresti\/#\/schema\/logo\/image\/"},"sameAs":["https:\/\/www.facebook.com\/buletin.de.buc","https:\/\/www.instagram.com\/buletinde.bucuresti\/"]}]}},"_links":{"self":[{"href":"https:\/\/buletin.de\/bucuresti\/wp-json\/wp\/v2\/pages\/372","targetHints":{"allow":["GET"]}}],"collection":[{"href":"https:\/\/buletin.de\/bucuresti\/wp-json\/wp\/v2\/pages"}],"about":[{"href":"https:\/\/buletin.de\/bucuresti\/wp-json\/wp\/v2\/types\/page"}],"author":[{"embeddable":true,"href":"https:\/\/buletin.de\/bucuresti\/wp-json\/wp\/v2\/users\/1"}],"replies":[{"embeddable":true,"href":"https:\/\/buletin.de\/bucuresti\/wp-json\/wp\/v2\/comments?post=372"}],"version-history":[{"count":80,"href":"https:\/\/buletin.de\/bucuresti\/wp-json\/wp\/v2\/pages\/372\/revisions"}],"predecessor-version":[{"id":173120,"href":"https:\/\/buletin.de\/bucuresti\/wp-json\/wp\/v2\/pages\/372\/revisions\/173120"}],"wp:attachment":[{"href":"https:\/\/buletin.de\/bucuresti\/wp-json\/wp\/v2\/media?parent=372"}],"curies":[{"name":"wp","href":"https:\/\/api.w.org\/{rel}","templated":true}]}}