{"id":10689,"date":"2020-08-18T11:14:58","date_gmt":"2020-08-18T08:14:58","guid":{"rendered":"https:\/\/buletin.de\/bucuresti\/?page_id=10689"},"modified":"2020-08-18T11:19:46","modified_gmt":"2020-08-18T08:19:46","slug":"locale-2020-comunicate","status":"publish","type":"page","link":"https:\/\/buletin.de\/bucuresti\/locale-2020-comunicate\/","title":{"rendered":"Comunicate"},"content":{"rendered":"\n<div class=\"wp-block-pb-accordion-item c-accordion__item js-accordion-item no-js\" data-initially-open=\"false\" data-click-to-close=\"true\" data-auto-close=\"true\" data-scroll=\"false\" data-scroll-offset=\"0\"><button id=\"at-3638\" class=\"c-accordion__title js-accordion-controller c-accordion__title--button\" role=\"button\">Alexandru Coita &#8211; Prim\u0103ria General\u0103<\/button><div id=\"ac-3638\" class=\"c-accordion__content\">\n<p class=\"has-text-align-right has-small-font-size\"><em>comunicat primit de redac\u021bie pe 13 august<\/em><\/p>\n\n\n\n<figure class=\"wp-block-image size-large\"><img fetchpriority=\"high\" decoding=\"async\" width=\"675\" height=\"900\" src=\"data:image\/gif;base64,R0lGODlhAQABAAAAACH5BAEKAAEALAAAAAABAAEAAAICTAEAOw==\" data-src=\"https:\/\/buletin.de\/bucuresti\/wp-content\/uploads\/117293182_342677080097840_99717353415886688_n-675x900.jpg\" alt=\"\" class=\"wp-image-10666 lazyload\" data-sizes=\"auto\" data-srcset=\"https:\/\/buletin.de\/bucuresti\/wp-content\/uploads\/117293182_342677080097840_99717353415886688_n-675x900.jpg 675w, https:\/\/buletin.de\/bucuresti\/wp-content\/uploads\/117293182_342677080097840_99717353415886688_n-600x800.jpg 600w, https:\/\/buletin.de\/bucuresti\/wp-content\/uploads\/117293182_342677080097840_99717353415886688_n-225x300.jpg 225w, https:\/\/buletin.de\/bucuresti\/wp-content\/uploads\/117293182_342677080097840_99717353415886688_n-768x1024.jpg 768w, https:\/\/buletin.de\/bucuresti\/wp-content\/uploads\/117293182_342677080097840_99717353415886688_n-1152x1536.jpg 1152w, https:\/\/buletin.de\/bucuresti\/wp-content\/uploads\/117293182_342677080097840_99717353415886688_n-1060x1413.jpg 1060w, https:\/\/buletin.de\/bucuresti\/wp-content\/uploads\/117293182_342677080097840_99717353415886688_n-550x733.jpg 550w, https:\/\/buletin.de\/bucuresti\/wp-content\/uploads\/117293182_342677080097840_99717353415886688_n-375x500.jpg 375w, https:\/\/buletin.de\/bucuresti\/wp-content\/uploads\/117293182_342677080097840_99717353415886688_n-810x1080.jpg 810w, https:\/\/buletin.de\/bucuresti\/wp-content\/uploads\/117293182_342677080097840_99717353415886688_n.jpg 1200w\" sizes=\"(max-width: 675px) 100vw, 675px\" \/><\/figure>\n\n\n\n<p>Candidatul Partidului Republican la Prim\u0103ria General\u0103, Alexandru Coita, a lansat&nbsp;<a href=\"http:\/\/respirbucuresti.ro\/\">respirbucuresti.ro<\/a>: \u201eVoi transforma Bucure\u0219tiul \u00eentr-o oaz\u0103 verde!\u201d<\/p>\n\n\n\n<p>Alexandru Coita a lansat portalul&nbsp;<a href=\"http:\/\/respirbucuresti.ro\/\">respirbucuresti.ro<\/a>, unde bucure\u0219tenii pot g\u0103si programul administrativ al acestuia pentru Capital\u0103, care con\u021bine 120 de proiecte concrete care vor schimba radical fa\u021ba ora\u0219ului \u00een urm\u0103torii 10 ani. Candidatul Republican a anun\u021bat proiectul \u00eentr-un mod inedit, printr-o transmisiune live pe Facebook din Parcul Sebastian.<br><\/p>\n\n\n\n<p>\u201eV\u0103 prezint cel mai ambi\u021bios proiect administrativ pe termen lung pentru Bucure\u0219ti, f\u0103cut din suflet \u0219i construit \u00een jurul nevoilor noastre reale, \u00eempreun\u0103 cu exper\u021bi \u00een administra\u021bie, infrastructur\u0103 \u0219i zona cultural\u0103, dar \u0219i cu tineri ancora\u021bi \u00een nevoile imediate ale orasului. \u00abRespir Bucure\u0219ti \u00bb \u00eenseamn\u0103 \u00een sf\u00e2r\u0219it normalitate pentru noi to\u021bi, o normalitate pe care o a\u0219tept\u0103m de 30 de ani \u0219i pe care o merit\u0103m\u201d, a subliniat candidatul la Prim\u0103ria General\u0103, Alexandru Coita.<br><\/p>\n\n\n\n<h3 class=\"wp-block-heading\">Oaze urbane \u0219i transport modern<\/h3>\n\n\n\n<p>Candidatul republican a prezentat direc\u021biile principale \u0219i m\u0103surile-cheie din programul s\u0103u administrativ, care se reg\u0103sesc pe portalul&nbsp;<a href=\"http:\/\/respirbucuresti.ro\/\">respirbucuresti.ro<\/a><\/p>\n\n\n\n<p>\u201eProgramul include solu\u021bii concrete pentru rezolvarea celor mai acute probleme ale bucure\u0219tenilor. De la a crea un centru verde al Bucure\u0219tiului, un centru pentru pietoni \u00een care s\u0103 ne putem plimba cu bicicletele, cu trotinetele, cu familiile, p\u00e2n\u0103 la solu\u021bii pentru a rezolva problema \u021bevilor ruginite, a \u00eenc\u0103lzirii-problem\u0103 care ne b\u00e2ntuie de 30 de ani- p\u00e2n\u0103 la a reforma din temelii transportul \u00een comun al Prim\u0103riei Capitalei, de a duce \u00een sf\u00e2r\u0219it STB \u0219i Metrorex la un nivel comparabil cu marile capitale europene, prin cump\u0103rare de autobuze electrice, prin transformarea liniilor de metrou u\u0219or \u00eentr-o re\u021bea cu adev\u0103rat eficient\u0103, prin crearea unei centuri feroviare a Capitalei care s\u0103 fie conectat\u0103 cu parc\u0103ri multimodale. De asemenea, ne propunem s\u0103 reabilit\u0103m cinematografele de cartier \u0219i s\u0103 renov\u0103m gr\u0103dinile de var\u0103, s\u0103 punem \u00een valoare patrimoniul cultural \u0219i s\u0103 red\u0103m Bucure\u0219tiului farmecul de alt\u0103dat\u0103\u201d, a explicat Alexandru Coita.<\/p>\n\n\n\n<h3 class=\"wp-block-heading\">Sistem de monitorizare a calit\u0103\u021bii aerului<\/h3>\n\n\n\n<p>Tot Alexandru Coita a prezentat \u0219i una dintre solu\u021biile sale pentru problema polu\u0103rii.<\/p>\n\n\n\n<p>\u201eNe propunem s\u0103 introducem un sistem de monitorizare a calit\u0103\u021bii aerului, astfel \u00eenc\u00e2t s\u0103 nu ne mai sufoc\u0103m \u00een propriul ora\u0219, s\u0103 nu ne mai \u00eemboln\u0103vim din cauza polu\u0103rii. Vom interconecta acest sistem de monitorizare la un algoritm de taxare, astfel \u00eenc\u00e2t s\u0103 existe un tarif dinamic pentru accesul \u00een centru, reglementat ca la acele curse de taxi pe care le folosim prin aplica\u021bii\u201d, a punctat candidatul Republicanilor la Prim\u0103ria General\u0103.<\/p>\n\n\n\n<h3 class=\"wp-block-heading\">10.000 de locuin\u021be pentru tineri<\/h3>\n\n\n\n<p>\u201eVrem s\u0103 achizi\u021bion\u0103m 10.000 de locuin\u021be de la la dezvoltatori. Lu\u00e2nd at\u00e2t de multe vom cump\u0103r\u0103 la un pre\u021b foarte bun. Vrem s\u0103 le punem la dispozi\u021bia familiilor de tineri. Din p\u0103cate, Guvernul a schimbat programul Prima Cas\u0103 , avansul a crescut la 15% iar pentru mul\u021bi a devenit imposibil\u0103 cump\u0103rarea unor locuin\u021be \u00een aceste condi\u021bii. Apartamentele Prim\u0103riei vor putea fi \u00eenchiriate de c\u0103tre tineri \u00een condi\u021bii avantajoase \u0219i , ulterior, vor putea fi achizi\u021bionate cu dob\u00e2nd\u0103 foarte mic\u0103\u201d, a explicat Alexandru Coita.<\/p>\n\n\n\n<p>\u00cen cifre, programul \u201eRespir Bucure\u0219ti\u201d presupune, pe l\u00e2ng\u0103 cele 10.000 de locuin\u021be pentru tineri, urm\u0103toarele obiective: 50 de microcentrale de cartier, 500 de autobuze electrice \u0219i hibrid, 300 de tramvaie de ultim\u0103 genera\u021bie, 450 de intersec\u021bii inteligente, 5.000 de locuri noi de parcare,&nbsp; 250 km de piste de biciclete, 20 km de str\u0103zi pietonale, 3 linii de metrou u\u0219or.<\/p>\n\n\n\n<p>\u00centreg programul candidatului la Prim\u0103ria General\u0103 poate fi accesat pe pagina&nbsp;<a href=\"http:\/\/respirbucuresti.ro\/\">respirbucuresti.ro<\/a>. Tot de pe site, bucure\u0219tenii pot afla detalii despre copil\u0103ria, parcursul academic \u0219i activitatea profesional\u0103 a lui Alexandru Coita \u0219i \u00eei pot transmite mesaje candidatului republican.<\/p>\n<\/div><\/div>\n","protected":false},"excerpt":{"rendered":"","protected":false},"author":1,"featured_media":0,"parent":0,"menu_order":0,"comment_status":"closed","ping_status":"closed","template":"","meta":{"_acf_changed":false,"inline_featured_image":false,"ngg_post_thumbnail":0,"footnotes":""},"class_list":["post-10689","page","type-page","status-publish","hentry"],"acf":[],"a3_pvc":{"activated":false,"total_views":0,"today_views":0},"yoast_head":"<!-- This site is optimized with the Yoast SEO Premium plugin v27.6 (Yoast SEO v27.6) - https:\/\/yoast.com\/product\/yoast-seo-premium-wordpress\/ -->\n<title>Comunicate - Buletin de Bucure\u0219ti<\/title>\n<meta name=\"robots\" content=\"index, follow, max-snippet:-1, max-image-preview:large, max-video-preview:-1\" \/>\n<link rel=\"canonical\" href=\"https:\/\/buletin.de\/bucuresti\/locale-2020-comunicate\/\" \/>\n<meta property=\"og:locale\" content=\"en_GB\" \/>\n<meta property=\"og:type\" content=\"article\" \/>\n<meta property=\"og:title\" content=\"Comunicate\" \/>\n<meta property=\"og:url\" content=\"https:\/\/buletin.de\/bucuresti\/locale-2020-comunicate\/\" \/>\n<meta property=\"og:site_name\" content=\"Buletin de Bucure\u0219ti\" \/>\n<meta property=\"article:publisher\" content=\"https:\/\/www.facebook.com\/buletin.de.buc\" \/>\n<meta property=\"article:modified_time\" content=\"2020-08-18T08:19:46+00:00\" \/>\n<meta property=\"og:image\" content=\"https:\/\/buletin.de\/bucuresti\/wp-content\/uploads\/117293182_342677080097840_99717353415886688_n-675x900.jpg\" \/>\n<meta name=\"twitter:card\" content=\"summary_large_image\" \/>\n<meta name=\"twitter:label1\" content=\"Estimated reading time\" \/>\n\t<meta name=\"twitter:data1\" content=\"3 minutes\" \/>\n<script type=\"application\/ld+json\" class=\"yoast-schema-graph\">{\"@context\":\"https:\\\/\\\/schema.org\",\"@graph\":[{\"@type\":\"WebPage\",\"@id\":\"https:\\\/\\\/buletin.de\\\/bucuresti\\\/locale-2020-comunicate\\\/\",\"url\":\"https:\\\/\\\/buletin.de\\\/bucuresti\\\/locale-2020-comunicate\\\/\",\"name\":\"Comunicate - Buletin de Bucure\u0219ti\",\"isPartOf\":{\"@id\":\"https:\\\/\\\/buletin.de\\\/bucuresti\\\/#website\"},\"primaryImageOfPage\":{\"@id\":\"https:\\\/\\\/buletin.de\\\/bucuresti\\\/locale-2020-comunicate\\\/#primaryimage\"},\"image\":{\"@id\":\"https:\\\/\\\/buletin.de\\\/bucuresti\\\/locale-2020-comunicate\\\/#primaryimage\"},\"thumbnailUrl\":\"https:\\\/\\\/buletin.de\\\/bucuresti\\\/wp-content\\\/uploads\\\/117293182_342677080097840_99717353415886688_n-675x900.jpg\",\"datePublished\":\"2020-08-18T08:14:58+00:00\",\"dateModified\":\"2020-08-18T08:19:46+00:00\",\"breadcrumb\":{\"@id\":\"https:\\\/\\\/buletin.de\\\/bucuresti\\\/locale-2020-comunicate\\\/#breadcrumb\"},\"inLanguage\":\"en-GB\",\"potentialAction\":[{\"@type\":\"ReadAction\",\"target\":[\"https:\\\/\\\/buletin.de\\\/bucuresti\\\/locale-2020-comunicate\\\/\"]}]},{\"@type\":\"ImageObject\",\"inLanguage\":\"en-GB\",\"@id\":\"https:\\\/\\\/buletin.de\\\/bucuresti\\\/locale-2020-comunicate\\\/#primaryimage\",\"url\":\"https:\\\/\\\/buletin.de\\\/bucuresti\\\/wp-content\\\/uploads\\\/117293182_342677080097840_99717353415886688_n.jpg\",\"contentUrl\":\"https:\\\/\\\/buletin.de\\\/bucuresti\\\/wp-content\\\/uploads\\\/117293182_342677080097840_99717353415886688_n.jpg\",\"width\":1200,\"height\":1600},{\"@type\":\"BreadcrumbList\",\"@id\":\"https:\\\/\\\/buletin.de\\\/bucuresti\\\/locale-2020-comunicate\\\/#breadcrumb\",\"itemListElement\":[{\"@type\":\"ListItem\",\"position\":1,\"name\":\"Acas\u0103\",\"item\":\"https:\\\/\\\/buletin.de\\\/bucuresti\\\/\"},{\"@type\":\"ListItem\",\"position\":2,\"name\":\"Comunicate\"}]},{\"@type\":\"WebSite\",\"@id\":\"https:\\\/\\\/buletin.de\\\/bucuresti\\\/#website\",\"url\":\"https:\\\/\\\/buletin.de\\\/bucuresti\\\/\",\"name\":\"Buletin de Bucure\u0219ti\",\"description\":\"\u0218tiri \u0219i investiga\u021bii esen\u021biale din capital\u0103\",\"publisher\":{\"@id\":\"https:\\\/\\\/buletin.de\\\/bucuresti\\\/#organization\"},\"potentialAction\":[{\"@type\":\"SearchAction\",\"target\":{\"@type\":\"EntryPoint\",\"urlTemplate\":\"https:\\\/\\\/buletin.de\\\/bucuresti\\\/?s={search_term_string}\"},\"query-input\":{\"@type\":\"PropertyValueSpecification\",\"valueRequired\":true,\"valueName\":\"search_term_string\"}}],\"inLanguage\":\"en-GB\"},{\"@type\":\"Organization\",\"@id\":\"https:\\\/\\\/buletin.de\\\/bucuresti\\\/#organization\",\"name\":\"Buletin de Bucure\u0219ti\",\"url\":\"https:\\\/\\\/buletin.de\\\/bucuresti\\\/\",\"logo\":{\"@type\":\"ImageObject\",\"inLanguage\":\"en-GB\",\"@id\":\"https:\\\/\\\/buletin.de\\\/bucuresti\\\/#\\\/schema\\\/logo\\\/image\\\/\",\"url\":\"https:\\\/\\\/buletin.de\\\/bucuresti\\\/wp-content\\\/uploads\\\/logo-bdb-full-wide-vernil-transparent.png\",\"contentUrl\":\"https:\\\/\\\/buletin.de\\\/bucuresti\\\/wp-content\\\/uploads\\\/logo-bdb-full-wide-vernil-transparent.png\",\"width\":1782,\"height\":626,\"caption\":\"Buletin de Bucure\u0219ti\"},\"image\":{\"@id\":\"https:\\\/\\\/buletin.de\\\/bucuresti\\\/#\\\/schema\\\/logo\\\/image\\\/\"},\"sameAs\":[\"https:\\\/\\\/www.facebook.com\\\/buletin.de.buc\",\"https:\\\/\\\/www.instagram.com\\\/buletinde.bucuresti\\\/\"]}]}<\/script>\n<!-- \/ Yoast SEO Premium plugin. -->","yoast_head_json":{"title":"Comunicate - Buletin de Bucure\u0219ti","robots":{"index":"index","follow":"follow","max-snippet":"max-snippet:-1","max-image-preview":"max-image-preview:large","max-video-preview":"max-video-preview:-1"},"canonical":"https:\/\/buletin.de\/bucuresti\/locale-2020-comunicate\/","og_locale":"en_GB","og_type":"article","og_title":"Comunicate","og_url":"https:\/\/buletin.de\/bucuresti\/locale-2020-comunicate\/","og_site_name":"Buletin de Bucure\u0219ti","article_publisher":"https:\/\/www.facebook.com\/buletin.de.buc","article_modified_time":"2020-08-18T08:19:46+00:00","og_image":[{"url":"https:\/\/buletin.de\/bucuresti\/wp-content\/uploads\/117293182_342677080097840_99717353415886688_n-675x900.jpg","type":"","width":"","height":""}],"twitter_card":"summary_large_image","twitter_misc":{"Estimated reading time":"3 minutes"},"schema":{"@context":"https:\/\/schema.org","@graph":[{"@type":"WebPage","@id":"https:\/\/buletin.de\/bucuresti\/locale-2020-comunicate\/","url":"https:\/\/buletin.de\/bucuresti\/locale-2020-comunicate\/","name":"Comunicate - Buletin de Bucure\u0219ti","isPartOf":{"@id":"https:\/\/buletin.de\/bucuresti\/#website"},"primaryImageOfPage":{"@id":"https:\/\/buletin.de\/bucuresti\/locale-2020-comunicate\/#primaryimage"},"image":{"@id":"https:\/\/buletin.de\/bucuresti\/locale-2020-comunicate\/#primaryimage"},"thumbnailUrl":"https:\/\/buletin.de\/bucuresti\/wp-content\/uploads\/117293182_342677080097840_99717353415886688_n-675x900.jpg","datePublished":"2020-08-18T08:14:58+00:00","dateModified":"2020-08-18T08:19:46+00:00","breadcrumb":{"@id":"https:\/\/buletin.de\/bucuresti\/locale-2020-comunicate\/#breadcrumb"},"inLanguage":"en-GB","potentialAction":[{"@type":"ReadAction","target":["https:\/\/buletin.de\/bucuresti\/locale-2020-comunicate\/"]}]},{"@type":"ImageObject","inLanguage":"en-GB","@id":"https:\/\/buletin.de\/bucuresti\/locale-2020-comunicate\/#primaryimage","url":"https:\/\/buletin.de\/bucuresti\/wp-content\/uploads\/117293182_342677080097840_99717353415886688_n.jpg","contentUrl":"https:\/\/buletin.de\/bucuresti\/wp-content\/uploads\/117293182_342677080097840_99717353415886688_n.jpg","width":1200,"height":1600},{"@type":"BreadcrumbList","@id":"https:\/\/buletin.de\/bucuresti\/locale-2020-comunicate\/#breadcrumb","itemListElement":[{"@type":"ListItem","position":1,"name":"Acas\u0103","item":"https:\/\/buletin.de\/bucuresti\/"},{"@type":"ListItem","position":2,"name":"Comunicate"}]},{"@type":"WebSite","@id":"https:\/\/buletin.de\/bucuresti\/#website","url":"https:\/\/buletin.de\/bucuresti\/","name":"Buletin de Bucure\u0219ti","description":"\u0218tiri \u0219i investiga\u021bii esen\u021biale din capital\u0103","publisher":{"@id":"https:\/\/buletin.de\/bucuresti\/#organization"},"potentialAction":[{"@type":"SearchAction","target":{"@type":"EntryPoint","urlTemplate":"https:\/\/buletin.de\/bucuresti\/?s={search_term_string}"},"query-input":{"@type":"PropertyValueSpecification","valueRequired":true,"valueName":"search_term_string"}}],"inLanguage":"en-GB"},{"@type":"Organization","@id":"https:\/\/buletin.de\/bucuresti\/#organization","name":"Buletin de Bucure\u0219ti","url":"https:\/\/buletin.de\/bucuresti\/","logo":{"@type":"ImageObject","inLanguage":"en-GB","@id":"https:\/\/buletin.de\/bucuresti\/#\/schema\/logo\/image\/","url":"https:\/\/buletin.de\/bucuresti\/wp-content\/uploads\/logo-bdb-full-wide-vernil-transparent.png","contentUrl":"https:\/\/buletin.de\/bucuresti\/wp-content\/uploads\/logo-bdb-full-wide-vernil-transparent.png","width":1782,"height":626,"caption":"Buletin de Bucure\u0219ti"},"image":{"@id":"https:\/\/buletin.de\/bucuresti\/#\/schema\/logo\/image\/"},"sameAs":["https:\/\/www.facebook.com\/buletin.de.buc","https:\/\/www.instagram.com\/buletinde.bucuresti\/"]}]}},"_links":{"self":[{"href":"https:\/\/buletin.de\/bucuresti\/wp-json\/wp\/v2\/pages\/10689","targetHints":{"allow":["GET"]}}],"collection":[{"href":"https:\/\/buletin.de\/bucuresti\/wp-json\/wp\/v2\/pages"}],"about":[{"href":"https:\/\/buletin.de\/bucuresti\/wp-json\/wp\/v2\/types\/page"}],"author":[{"embeddable":true,"href":"https:\/\/buletin.de\/bucuresti\/wp-json\/wp\/v2\/users\/1"}],"replies":[{"embeddable":true,"href":"https:\/\/buletin.de\/bucuresti\/wp-json\/wp\/v2\/comments?post=10689"}],"version-history":[{"count":3,"href":"https:\/\/buletin.de\/bucuresti\/wp-json\/wp\/v2\/pages\/10689\/revisions"}],"predecessor-version":[{"id":10695,"href":"https:\/\/buletin.de\/bucuresti\/wp-json\/wp\/v2\/pages\/10689\/revisions\/10695"}],"wp:attachment":[{"href":"https:\/\/buletin.de\/bucuresti\/wp-json\/wp\/v2\/media?parent=10689"}],"curies":[{"name":"wp","href":"https:\/\/api.w.org\/{rel}","templated":true}]}}